{"id":2353,"date":"2026-02-09T19:16:07","date_gmt":"2026-02-09T19:16:07","guid":{"rendered":"https:\/\/www.budapestbarcrawl.hu\/blog\/"},"modified":"2026-04-24T11:41:35","modified_gmt":"2026-04-24T11:41:35","slug":"blog","status":"publish","type":"page","link":"https:\/\/www.budapestbarcrawl.hu\/es\/blog\/","title":{"rendered":"Blog"},"content":{"rendered":"\t\t<div data-elementor-type=\"wp-post\" data-elementor-id=\"2353\" class=\"elementor elementor-2353 elementor-7\" data-elementor-post-type=\"page\">\n\t\t\t\t<div class=\"elementor-element elementor-element-36e4911 e-flex e-con-boxed wpr-particle-no wpr-jarallax-no wpr-parallax-no wpr-sticky-section-no wpr-equal-height-no e-con e-parent\" data-id=\"36e4911\" data-element_type=\"container\" data-e-type=\"container\" data-settings=\"{&quot;background_background&quot;:&quot;classic&quot;}\">\n\t\t\t\t\t<div class=\"e-con-inner\">\n\t\t<div class=\"elementor-element elementor-element-8d332cf e-con-full e-flex wpr-particle-no wpr-jarallax-no wpr-parallax-no wpr-sticky-section-no wpr-equal-height-no e-con e-child\" data-id=\"8d332cf\" data-element_type=\"container\" data-e-type=\"container\">\n\t\t\t\t<div class=\"elementor-element elementor-element-4bf79de elementor-widget elementor-widget-heading\" data-id=\"4bf79de\" data-element_type=\"widget\" data-e-type=\"widget\" data-widget_type=\"heading.default\">\n\t\t\t\t<div class=\"elementor-widget-container\">\n\t\t\t\t\t<h1 class=\"elementor-heading-title elementor-size-default\">Nuestro blog<\/h1>\t\t\t\t<\/div>\n\t\t\t\t<\/div>\n\t\t\t\t<\/div>\n\t\t\t\t\t<\/div>\n\t\t\t\t<\/div>\n\t\t<div class=\"elementor-element elementor-element-0c901ab e-flex e-con-boxed wpr-particle-no wpr-jarallax-no wpr-parallax-no wpr-sticky-section-no wpr-equal-height-no e-con e-parent\" data-id=\"0c901ab\" data-element_type=\"container\" data-e-type=\"container\">\n\t\t\t\t\t<div class=\"e-con-inner\">\n\t\t<div class=\"elementor-element elementor-element-b71e4eb e-con-full e-flex wpr-particle-no wpr-jarallax-no wpr-parallax-no wpr-sticky-section-no wpr-equal-height-no e-con e-child\" data-id=\"b71e4eb\" data-element_type=\"container\" data-e-type=\"container\">\n\t\t\t\t<div class=\"elementor-element elementor-element-efcc804 elementor-widget elementor-widget-heading\" data-id=\"efcc804\" data-element_type=\"widget\" data-e-type=\"widget\" data-widget_type=\"heading.default\">\n\t\t\t\t<div class=\"elementor-widget-container\">\n\t\t\t\t\t<h2 class=\"elementor-heading-title elementor-size-default\">Descubre toda la informaci\u00f3n que necesitas saber sobre la vida nocturna de Budapest<\/h2>\t\t\t\t<\/div>\n\t\t\t\t<\/div>\n\t\t\t\t<\/div>\n\t\t\t\t\t<\/div>\n\t\t\t\t<\/div>\n\t\t<div class=\"elementor-element elementor-element-81de53f e-flex e-con-boxed wpr-particle-no wpr-jarallax-no wpr-parallax-no wpr-sticky-section-no wpr-equal-height-no e-con e-parent\" data-id=\"81de53f\" data-element_type=\"container\" data-e-type=\"container\">\n\t\t\t\t\t<div class=\"e-con-inner\">\n\t\t<div class=\"elementor-element elementor-element-cc10b24 e-con-full e-flex wpr-particle-no wpr-jarallax-no wpr-parallax-no wpr-sticky-section-no wpr-equal-height-no e-con e-child\" data-id=\"cc10b24\" data-element_type=\"container\" data-e-type=\"container\">\n\t\t\t\t<div class=\"elementor-element elementor-element-a3194d4 elementor-widget elementor-widget-text-editor\" data-id=\"a3194d4\" data-element_type=\"widget\" data-e-type=\"widget\" data-widget_type=\"text-editor.default\">\n\t\t\t\t<div class=\"elementor-widget-container\">\n\t\t\t\t\t\t\t\t\t<p data-start=\"0\" data-end=\"514\">Bienvenido a nuestro blog: tu sitio de referencia para informaci\u00f3n reciente y pr\u00e1ctica sobre la <strong data-start=\"65\" data-end=\"87\">vida nocturna de Budapest<\/strong>. Aqu\u00ed encontrar\u00e1s las mejores noches, consejos locales, d\u00f3nde ir (y qu\u00e9 evitar) y mucho m\u00e1s para ayudarte a salir de fiesta con cabeza. No solo escribimos sobre ello: lo vivimos. Dise\u00f1amos experiencias de pub crawl llenas de energ\u00eda, y nuestro equipo conoce Budapest al dedillo, desde los cl\u00e1sicos ruin bars hasta la escena de clubes nocturnos. Entra en el blog y empieza a planear una noche como se merece con nosotros. Bienvenido a <a href=\"https:\/\/www.budapestbarcrawl.hu\/es\/\"><strong data-start=\"473\" data-end=\"513\">Budapest Bar Crawl de Mad Party Crew<\/strong><\/a>.<\/p>\t\t\t\t\t\t\t\t<\/div>\n\t\t\t\t<\/div>\n\t\t\t\t<\/div>\n\t\t<div class=\"elementor-element elementor-element-280d8c1 e-con-full e-flex wpr-particle-no wpr-jarallax-no wpr-parallax-no wpr-sticky-section-no wpr-equal-height-no e-con e-child\" data-id=\"280d8c1\" data-element_type=\"container\" data-e-type=\"container\">\n\t\t\t\t<div class=\"elementor-element elementor-element-5671c23 elementor-widget elementor-widget-image\" data-id=\"5671c23\" data-element_type=\"widget\" data-e-type=\"widget\" data-widget_type=\"image.default\">\n\t\t\t\t<div class=\"elementor-widget-container\">\n\t\t\t\t\t\t\t\t\t\t\t\t\t\t\t<img fetchpriority=\"high\" decoding=\"async\" width=\"921\" height=\"535\" src=\"https:\/\/www.budapestbarcrawl.hu\/wp-content\/uploads\/2026\/02\/blot.png\" class=\"attachment-large size-large wp-image-2349\" alt=\"blog bar crawl budapest\" srcset=\"https:\/\/www.budapestbarcrawl.hu\/wp-content\/uploads\/2026\/02\/blot.png 921w, https:\/\/www.budapestbarcrawl.hu\/wp-content\/uploads\/2026\/02\/blot-300x174.png 300w, https:\/\/www.budapestbarcrawl.hu\/wp-content\/uploads\/2026\/02\/blot-768x446.png 768w\" sizes=\"(max-width: 921px) 100vw, 921px\" \/>\t\t\t\t\t\t\t\t\t\t\t\t\t\t\t<\/div>\n\t\t\t\t<\/div>\n\t\t\t\t<\/div>\n\t\t\t\t\t<\/div>\n\t\t\t\t<\/div>\n\t\t<div class=\"elementor-element elementor-element-dd05bae e-flex e-con-boxed wpr-particle-no wpr-jarallax-no wpr-parallax-no wpr-sticky-section-no wpr-equal-height-no e-con e-parent\" data-id=\"dd05bae\" data-element_type=\"container\" data-e-type=\"container\">\n\t\t\t\t\t<div class=\"e-con-inner\">\n\t\t\t\t\t<\/div>\n\t\t\t\t<\/div>\n\t\t\t\t<\/div>\n\t\t","protected":false},"excerpt":{"rendered":"<p>Nuestro blog Descubre toda la informaci\u00f3n que necesitas saber sobre la vida nocturna de Budapest Bienvenido a nuestro blog: tu sitio de referencia para informaci\u00f3n reciente y pr\u00e1ctica sobre la vida nocturna de Budapest. Aqu\u00ed encontrar\u00e1s las mejores noches, consejos locales, d\u00f3nde ir (y qu\u00e9 evitar) y mucho m\u00e1s para ayudarte a salir de fiesta con cabeza. No solo escribimos sobre ello: lo vivimos. Dise\u00f1amos experiencias de pub crawl llenas de energ\u00eda, y nuestro equipo conoce Budapest al dedillo, desde los cl\u00e1sicos ruin bars hasta la escena de clubes nocturnos. Entra en el blog y empieza a planear una noche como se merece con nosotros. Bienvenido a Budapest Bar Crawl de Mad Party Crew.<\/p>\n","protected":false},"author":1,"featured_media":2348,"parent":0,"menu_order":0,"comment_status":"closed","ping_status":"closed","template":"","meta":{"rs_blank_template":"","rs_page_bg_color":"","slide_template_v7":"","site-sidebar-layout":"no-sidebar","site-content-layout":"page-builder","ast-site-content-layout":"full-width-container","site-content-style":"unboxed","site-sidebar-style":"unboxed","ast-global-header-display":"","ast-banner-title-visibility":"","ast-main-header-display":"","ast-hfb-above-header-display":"","ast-hfb-below-header-display":"","ast-hfb-mobile-header-display":"","site-post-title":"disabled","ast-breadcrumbs-content":"","ast-featured-img":"disabled","footer-sml-layout":"","ast-disable-related-posts":"","theme-transparent-header-meta":"enabled","adv-header-id-meta":"","stick-header-meta":"","header-above-stick-meta":"","header-main-stick-meta":"","header-below-stick-meta":"","astra-migrate-meta-layouts":"set","ast-page-background-enabled":"default","ast-page-background-meta":{"desktop":{"background-color":"","background-image":"","background-repeat":"repeat","background-position":"center center","background-size":"auto","background-attachment":"scroll","background-type":"","background-media":"","overlay-type":"","overlay-color":"","overlay-opacity":"","overlay-gradient":""},"tablet":{"background-color":"","background-image":"","background-repeat":"repeat","background-position":"center center","background-size":"auto","background-attachment":"scroll","background-type":"","background-media":"","overlay-type":"","overlay-color":"","overlay-opacity":"","overlay-gradient":""},"mobile":{"background-color":"","background-image":"","background-repeat":"repeat","background-position":"center center","background-size":"auto","background-attachment":"scroll","background-type":"","background-media":"","overlay-type":"","overlay-color":"","overlay-opacity":"","overlay-gradient":""}},"ast-content-background-meta":{"desktop":{"background-color":"var(--ast-global-color-5)","background-image":"","background-repeat":"repeat","background-position":"center center","background-size":"auto","background-attachment":"scroll","background-type":"","background-media":"","overlay-type":"","overlay-color":"","overlay-opacity":"","overlay-gradient":""},"tablet":{"background-color":"var(--ast-global-color-5)","background-image":"","background-repeat":"repeat","background-position":"center center","background-size":"auto","background-attachment":"scroll","background-type":"","background-media":"","overlay-type":"","overlay-color":"","overlay-opacity":"","overlay-gradient":""},"mobile":{"background-color":"var(--ast-global-color-5)","background-image":"","background-repeat":"repeat","background-position":"center center","background-size":"auto","background-attachment":"scroll","background-type":"","background-media":"","overlay-type":"","overlay-color":"","overlay-opacity":"","overlay-gradient":""}},"footnotes":""},"class_list":["post-2353","page","type-page","status-publish","has-post-thumbnail","hentry"],"yoast_head":"<!-- This site is optimized with the Yoast SEO Premium plugin v26.7 (Yoast SEO v27.4) - https:\/\/yoast.com\/product\/yoast-seo-premium-wordpress\/ -->\n<title>Blog | Budapest Bar Crawl por Mad Party Crew<\/title>\n<meta name=\"description\" content=\"Todo lo que necesitas saber sobre Budapest est\u00e1 en nuestro incre\u00edble blog del bar crawl de Budapest. Descubre consejos geniales...\" \/>\n<meta name=\"robots\" content=\"index, follow, max-snippet:-1, max-image-preview:large, max-video-preview:-1\" \/>\n<link rel=\"canonical\" href=\"https:\/\/www.budapestbarcrawl.hu\/es\/blog\/\" \/>\n<meta property=\"og:locale\" content=\"es_ES\" \/>\n<meta property=\"og:type\" content=\"article\" \/>\n<meta property=\"og:title\" content=\"Blog\" \/>\n<meta property=\"og:description\" content=\"Todo lo que necesitas saber sobre Budapest est\u00e1 en nuestro incre\u00edble blog del bar crawl de Budapest. Descubre consejos geniales...\" \/>\n<meta property=\"og:url\" content=\"https:\/\/www.budapestbarcrawl.hu\/es\/blog\/\" \/>\n<meta property=\"og:site_name\" content=\"Pub Crawl Budapest\" \/>\n<meta property=\"article:modified_time\" content=\"2026-04-24T11:41:35+00:00\" \/>\n<meta property=\"og:image\" content=\"https:\/\/www.budapestbarcrawl.hu\/wp-content\/uploads\/2026\/02\/blogy.png\" \/>\n\t<meta property=\"og:image:width\" content=\"1312\" \/>\n\t<meta property=\"og:image:height\" content=\"787\" \/>\n\t<meta property=\"og:image:type\" content=\"image\/png\" \/>\n<meta name=\"twitter:card\" content=\"summary_large_image\" \/>\n<meta name=\"twitter:label1\" content=\"Tiempo de lectura\" \/>\n\t<meta name=\"twitter:data1\" content=\"1 minuto\" \/>\n<script type=\"application\/ld+json\" class=\"yoast-schema-graph\">{\"@context\":\"https:\\\/\\\/schema.org\",\"@graph\":[{\"@type\":\"WebPage\",\"@id\":\"https:\\\/\\\/www.budapestbarcrawl.hu\\\/es\\\/blog\\\/\",\"url\":\"https:\\\/\\\/www.budapestbarcrawl.hu\\\/es\\\/blog\\\/\",\"name\":\"Blog | Budapest Bar Crawl por Mad Party Crew\",\"isPartOf\":{\"@id\":\"https:\\\/\\\/www.budapestbarcrawl.hu\\\/es\\\/#website\"},\"primaryImageOfPage\":{\"@id\":\"https:\\\/\\\/www.budapestbarcrawl.hu\\\/es\\\/blog\\\/#primaryimage\"},\"image\":{\"@id\":\"https:\\\/\\\/www.budapestbarcrawl.hu\\\/es\\\/blog\\\/#primaryimage\"},\"thumbnailUrl\":\"https:\\\/\\\/www.budapestbarcrawl.hu\\\/wp-content\\\/uploads\\\/2026\\\/02\\\/blogy.png\",\"datePublished\":\"2026-02-09T19:16:07+00:00\",\"dateModified\":\"2026-04-24T11:41:35+00:00\",\"description\":\"Todo lo que necesitas saber sobre Budapest est\u00e1 en nuestro incre\u00edble blog del bar crawl de Budapest. Descubre consejos geniales...\",\"breadcrumb\":{\"@id\":\"https:\\\/\\\/www.budapestbarcrawl.hu\\\/es\\\/blog\\\/#breadcrumb\"},\"inLanguage\":\"es\",\"potentialAction\":[{\"@type\":\"ReadAction\",\"target\":[\"https:\\\/\\\/www.budapestbarcrawl.hu\\\/es\\\/blog\\\/\"]}]},{\"@type\":\"ImageObject\",\"inLanguage\":\"es\",\"@id\":\"https:\\\/\\\/www.budapestbarcrawl.hu\\\/es\\\/blog\\\/#primaryimage\",\"url\":\"https:\\\/\\\/www.budapestbarcrawl.hu\\\/wp-content\\\/uploads\\\/2026\\\/02\\\/blogy.png\",\"contentUrl\":\"https:\\\/\\\/www.budapestbarcrawl.hu\\\/wp-content\\\/uploads\\\/2026\\\/02\\\/blogy.png\",\"width\":1312,\"height\":787,\"caption\":\"blog pub crawl budapest\"},{\"@type\":\"BreadcrumbList\",\"@id\":\"https:\\\/\\\/www.budapestbarcrawl.hu\\\/es\\\/blog\\\/#breadcrumb\",\"itemListElement\":[{\"@type\":\"ListItem\",\"position\":1,\"name\":\"Home\",\"item\":\"https:\\\/\\\/www.budapestbarcrawl.hu\\\/es\\\/ruta-de-bares-budapest\\\/\"},{\"@type\":\"ListItem\",\"position\":2,\"name\":\"Blog\"}]},{\"@type\":\"WebSite\",\"@id\":\"https:\\\/\\\/www.budapestbarcrawl.hu\\\/es\\\/#website\",\"url\":\"https:\\\/\\\/www.budapestbarcrawl.hu\\\/es\\\/\",\"name\":\"Pub Crawl Budapest\",\"description\":\"The Best Pub Crawl in All Budapest\",\"publisher\":{\"@id\":\"https:\\\/\\\/www.budapestbarcrawl.hu\\\/es\\\/#organization\"},\"potentialAction\":[{\"@type\":\"SearchAction\",\"target\":{\"@type\":\"EntryPoint\",\"urlTemplate\":\"https:\\\/\\\/www.budapestbarcrawl.hu\\\/es\\\/?s={search_term_string}\"},\"query-input\":{\"@type\":\"PropertyValueSpecification\",\"valueRequired\":true,\"valueName\":\"search_term_string\"}}],\"inLanguage\":\"es\"},{\"@type\":\"Organization\",\"@id\":\"https:\\\/\\\/www.budapestbarcrawl.hu\\\/es\\\/#organization\",\"name\":\"Pub Crawl Budapest\",\"url\":\"https:\\\/\\\/www.budapestbarcrawl.hu\\\/es\\\/\",\"logo\":{\"@type\":\"ImageObject\",\"inLanguage\":\"es\",\"@id\":\"https:\\\/\\\/www.budapestbarcrawl.hu\\\/es\\\/#\\\/schema\\\/logo\\\/image\\\/\",\"url\":\"https:\\\/\\\/www.budapestbarcrawl.hu\\\/wp-content\\\/uploads\\\/2026\\\/02\\\/Pub-Crawl-Budapest-by-Mad-Party-Crew-1.png\",\"contentUrl\":\"https:\\\/\\\/www.budapestbarcrawl.hu\\\/wp-content\\\/uploads\\\/2026\\\/02\\\/Pub-Crawl-Budapest-by-Mad-Party-Crew-1.png\",\"width\":1500,\"height\":1500,\"caption\":\"Pub Crawl Budapest\"},\"image\":{\"@id\":\"https:\\\/\\\/www.budapestbarcrawl.hu\\\/es\\\/#\\\/schema\\\/logo\\\/image\\\/\"}}]}<\/script>\n<!-- \/ Yoast SEO Premium plugin. -->","yoast_head_json":{"title":"Blog | Budapest Bar Crawl por Mad Party Crew","description":"Todo lo que necesitas saber sobre Budapest est\u00e1 en nuestro incre\u00edble blog del bar crawl de Budapest. Descubre consejos geniales...","robots":{"index":"index","follow":"follow","max-snippet":"max-snippet:-1","max-image-preview":"max-image-preview:large","max-video-preview":"max-video-preview:-1"},"canonical":"https:\/\/www.budapestbarcrawl.hu\/es\/blog\/","og_locale":"es_ES","og_type":"article","og_title":"Blog","og_description":"Todo lo que necesitas saber sobre Budapest est\u00e1 en nuestro incre\u00edble blog del bar crawl de Budapest. Descubre consejos geniales...","og_url":"https:\/\/www.budapestbarcrawl.hu\/es\/blog\/","og_site_name":"Pub Crawl Budapest","article_modified_time":"2026-04-24T11:41:35+00:00","og_image":[{"width":1312,"height":787,"url":"https:\/\/www.budapestbarcrawl.hu\/wp-content\/uploads\/2026\/02\/blogy.png","type":"image\/png"}],"twitter_card":"summary_large_image","twitter_misc":{"Tiempo de lectura":"1 minuto"},"schema":{"@context":"https:\/\/schema.org","@graph":[{"@type":"WebPage","@id":"https:\/\/www.budapestbarcrawl.hu\/es\/blog\/","url":"https:\/\/www.budapestbarcrawl.hu\/es\/blog\/","name":"Blog | Budapest Bar Crawl por Mad Party Crew","isPartOf":{"@id":"https:\/\/www.budapestbarcrawl.hu\/es\/#website"},"primaryImageOfPage":{"@id":"https:\/\/www.budapestbarcrawl.hu\/es\/blog\/#primaryimage"},"image":{"@id":"https:\/\/www.budapestbarcrawl.hu\/es\/blog\/#primaryimage"},"thumbnailUrl":"https:\/\/www.budapestbarcrawl.hu\/wp-content\/uploads\/2026\/02\/blogy.png","datePublished":"2026-02-09T19:16:07+00:00","dateModified":"2026-04-24T11:41:35+00:00","description":"Todo lo que necesitas saber sobre Budapest est\u00e1 en nuestro incre\u00edble blog del bar crawl de Budapest. Descubre consejos geniales...","breadcrumb":{"@id":"https:\/\/www.budapestbarcrawl.hu\/es\/blog\/#breadcrumb"},"inLanguage":"es","potentialAction":[{"@type":"ReadAction","target":["https:\/\/www.budapestbarcrawl.hu\/es\/blog\/"]}]},{"@type":"ImageObject","inLanguage":"es","@id":"https:\/\/www.budapestbarcrawl.hu\/es\/blog\/#primaryimage","url":"https:\/\/www.budapestbarcrawl.hu\/wp-content\/uploads\/2026\/02\/blogy.png","contentUrl":"https:\/\/www.budapestbarcrawl.hu\/wp-content\/uploads\/2026\/02\/blogy.png","width":1312,"height":787,"caption":"blog pub crawl budapest"},{"@type":"BreadcrumbList","@id":"https:\/\/www.budapestbarcrawl.hu\/es\/blog\/#breadcrumb","itemListElement":[{"@type":"ListItem","position":1,"name":"Home","item":"https:\/\/www.budapestbarcrawl.hu\/es\/ruta-de-bares-budapest\/"},{"@type":"ListItem","position":2,"name":"Blog"}]},{"@type":"WebSite","@id":"https:\/\/www.budapestbarcrawl.hu\/es\/#website","url":"https:\/\/www.budapestbarcrawl.hu\/es\/","name":"Pub Crawl Budapest","description":"The Best Pub Crawl in All Budapest","publisher":{"@id":"https:\/\/www.budapestbarcrawl.hu\/es\/#organization"},"potentialAction":[{"@type":"SearchAction","target":{"@type":"EntryPoint","urlTemplate":"https:\/\/www.budapestbarcrawl.hu\/es\/?s={search_term_string}"},"query-input":{"@type":"PropertyValueSpecification","valueRequired":true,"valueName":"search_term_string"}}],"inLanguage":"es"},{"@type":"Organization","@id":"https:\/\/www.budapestbarcrawl.hu\/es\/#organization","name":"Pub Crawl Budapest","url":"https:\/\/www.budapestbarcrawl.hu\/es\/","logo":{"@type":"ImageObject","inLanguage":"es","@id":"https:\/\/www.budapestbarcrawl.hu\/es\/#\/schema\/logo\/image\/","url":"https:\/\/www.budapestbarcrawl.hu\/wp-content\/uploads\/2026\/02\/Pub-Crawl-Budapest-by-Mad-Party-Crew-1.png","contentUrl":"https:\/\/www.budapestbarcrawl.hu\/wp-content\/uploads\/2026\/02\/Pub-Crawl-Budapest-by-Mad-Party-Crew-1.png","width":1500,"height":1500,"caption":"Pub Crawl Budapest"},"image":{"@id":"https:\/\/www.budapestbarcrawl.hu\/es\/#\/schema\/logo\/image\/"}}]}},"_links":{"self":[{"href":"https:\/\/www.budapestbarcrawl.hu\/es\/wp-json\/wp\/v2\/pages\/2353","targetHints":{"allow":["GET"]}}],"collection":[{"href":"https:\/\/www.budapestbarcrawl.hu\/es\/wp-json\/wp\/v2\/pages"}],"about":[{"href":"https:\/\/www.budapestbarcrawl.hu\/es\/wp-json\/wp\/v2\/types\/page"}],"author":[{"embeddable":true,"href":"https:\/\/www.budapestbarcrawl.hu\/es\/wp-json\/wp\/v2\/users\/1"}],"replies":[{"embeddable":true,"href":"https:\/\/www.budapestbarcrawl.hu\/es\/wp-json\/wp\/v2\/comments?post=2353"}],"version-history":[{"count":5,"href":"https:\/\/www.budapestbarcrawl.hu\/es\/wp-json\/wp\/v2\/pages\/2353\/revisions"}],"predecessor-version":[{"id":2359,"href":"https:\/\/www.budapestbarcrawl.hu\/es\/wp-json\/wp\/v2\/pages\/2353\/revisions\/2359"}],"wp:featuredmedia":[{"embeddable":true,"href":"https:\/\/www.budapestbarcrawl.hu\/es\/wp-json\/wp\/v2\/media\/2348"}],"wp:attachment":[{"href":"https:\/\/www.budapestbarcrawl.hu\/es\/wp-json\/wp\/v2\/media?parent=2353"}],"curies":[{"name":"wp","href":"https:\/\/api.w.org\/{rel}","templated":true}]}}